{"id":3620,"date":"2015-06-08T04:55:18","date_gmt":"2015-06-08T04:55:18","guid":{"rendered":"http:\/\/haoracafe.com\/?page_id=3620"},"modified":"2019-12-14T23:48:21","modified_gmt":"2019-12-14T20:48:21","slug":"hakkimizda","status":"publish","type":"page","link":"https:\/\/haoracafe.com\/index.php\/hakkimizda\/","title":{"rendered":"Hakk\u0131m\u0131zda"},"content":{"rendered":"<div  class=\"one ppb_card_two_cols_with_image\" style=\"position:relative;padding:85px 0 85px 0;\" >\n<div class=\"standard_wrapper\">\n<div class=\"page_content_wrapper\">\n<div class=\"inner\">\n<div class=\"one_half parallax_scroll_image\" style=\"width:80%;\">\n<div class=\"image_classic_frame expand\">\n<div class=\"image_wrapper\"><a href=\"http:\/\/haoracafe.com\/wp-content\/uploads\/2019\/12\/IMG_6052.jpg\" class=\"img_frame\"><img decoding=\"async\" src=\"http:\/\/haoracafe.com\/wp-content\/uploads\/2019\/12\/IMG_6052.jpg\" class=\"portfolio_img\" alt=\"\"\/><\/a><\/div>\n<\/div>\n<\/div>\n<div class=\"one_half last parallax_scroll\" style=\"width:50%;position:absolute;right:90px;padding:85px;background:#ffffff;\" data-stellar-ratio=\"1.3\">\n<h2 class=\"ppb_title\" ><span class=\"ppb_title_first\" >haora<\/span>CAFE<\/h2>\n<div class=\"page_header_sep left\" ><\/div>\n<\/p>\n<div class=\"ppb_subtitle\" style=\"color: #424242;\">ENLER\u0130N BULU\u015eMA NOKTASI<\/div>\n<p>HAORA CAFE<\/p>\n<p>2016 Y\u0131l\u0131ndan beri konusulan ve s\u00fcrekli i\u015fleve ge\u00e7mesi planlanan Haora Cafe 2018 \u015eubat 10\u2019un da misafirleriyle bulu\u015ftu.A\u00e7\u0131l\u0131\u015f\u0131n\u0131 Sar\u0131yer Belediyesi Sn. \u015e\u00fckr\u00fc Gen\u00e7\u2019in kat\u0131l\u0131mlar\u0131yle g\u00f6rkemli bir a\u00e7\u0131l\u0131\u015f oldu. Sar\u0131yer ve \u00e7evresindeki gen\u00e7lerin durak noktas\u0131 olan Haora misafirlerine g\u00fcler y\u00fczl\u00fc davranmaktan vazge\u00e7miyor .<\/p>\n<p>Bir yer hayal ettik ,siz gelen misafirlerimiz mutlu, huzurlu ferah ve kendine evinde hissedebilcek ve nezih ortamda e\u015fleriyle arkada\u015flar\u0131yla g\u00fczel zaman ge\u00e7irebilcek ve kocaman g\u00fcl\u00fcmsemelerle ordan ayr\u0131labilcek bir daha gelsinler hatta her geli\u015flerinde en sevdiklerini de yanlar\u0131nda getirsinler. Sar\u0131yer\u2019in en nezih mekan\u0131n\u0131 olu\u015fturmaktan b\u00fcy\u00fck keyif ald\u0131k gelin bu g\u00fczel ortam\u0131 bu g\u00fczel konsepti beraber g\u00f6r\u00fcp beraber ya\u015fayal\u0131m .<\/p>\n<p>Haora\u2019da Zaman Ge\u00e7irmek Haora\u2019n\u0131n t\u00fcm misafirlerine kaliteli zaman ge\u00e7irecekleri her an\u0131n keyfini \u00e7\u0131karacaklar\u0131, k\u00fc\u00e7\u00fck s\u00fcrprizlerle g\u00fcnlerine renk katacaklar\u0131, yeni tatlar\u0131 yeni deneyimlerle ke\u015ffedecekleri ve herkesin konu\u015faca\u011f\u0131 bir deneyim sunar. Haora\u2019da s\u0131cak ve so\u011fuk i\u00e7ecekleri misafirlerin g\u00f6z \u00f6n\u00fcnde sunumunu sa\u011flayan bir tasar\u0131ma sahip. Haorda\u2019da 2 lcd ekranla ma\u00e7 keyfi bir ba\u015fka! Sar\u0131yer\u2019in en nezih ve kalitele mekan\u0131. Biz yaparken \u00e7ok keyif ald\u0131k gelin sizde bu mekana tan\u0131k olun\u2026<\/p><\/div>\n<p><br class=\"clear\"\/><\/div>\n<\/div>\n<\/div>\n<\/div>\n","protected":false},"excerpt":{"rendered":"<p>haoraCAFE ENLER\u0130N BULU\u015eMA NOKTASI HAORA CAFE 2016 Y\u0131l\u0131ndan beri konusulan ve s\u00fcrekli i\u015fleve ge\u00e7mesi planlanan Haora Cafe 2018 \u015eubat 10\u2019un da misafirleriyle bulu\u015ftu.A\u00e7\u0131l\u0131\u015f\u0131n\u0131 Sar\u0131yer Belediyesi Sn. \u015e\u00fckr\u00fc Gen\u00e7\u2019in kat\u0131l\u0131mlar\u0131yle g\u00f6rkemli bir a\u00e7\u0131l\u0131\u015f oldu. Sar\u0131yer ve \u00e7evresindeki gen\u00e7lerin durak noktas\u0131 olan [&hellip;]<\/p>\n","protected":false},"author":1,"featured_media":0,"parent":0,"menu_order":0,"comment_status":"open","ping_status":"open","template":"","meta":{"footnotes":""},"class_list":["post-3620","page","type-page","status-publish","hentry"],"_links":{"self":[{"href":"https:\/\/haoracafe.com\/index.php\/wp-json\/wp\/v2\/pages\/3620","targetHints":{"allow":["GET"]}}],"collection":[{"href":"https:\/\/haoracafe.com\/index.php\/wp-json\/wp\/v2\/pages"}],"about":[{"href":"https:\/\/haoracafe.com\/index.php\/wp-json\/wp\/v2\/types\/page"}],"author":[{"embeddable":true,"href":"https:\/\/haoracafe.com\/index.php\/wp-json\/wp\/v2\/users\/1"}],"replies":[{"embeddable":true,"href":"https:\/\/haoracafe.com\/index.php\/wp-json\/wp\/v2\/comments?post=3620"}],"version-history":[{"count":30,"href":"https:\/\/haoracafe.com\/index.php\/wp-json\/wp\/v2\/pages\/3620\/revisions"}],"predecessor-version":[{"id":4336,"href":"https:\/\/haoracafe.com\/index.php\/wp-json\/wp\/v2\/pages\/3620\/revisions\/4336"}],"wp:attachment":[{"href":"https:\/\/haoracafe.com\/index.php\/wp-json\/wp\/v2\/media?parent=3620"}],"curies":[{"name":"wp","href":"https:\/\/api.w.org\/{rel}","templated":true}]}}