{"id":4788,"date":"2019-12-10T01:12:51","date_gmt":"2019-12-09T22:12:51","guid":{"rendered":"http:\/\/haoracafe.com\/?page_id=4788"},"modified":"2019-12-15T06:32:09","modified_gmt":"2019-12-15T03:32:09","slug":"wraplar-ve-burgerler","status":"publish","type":"page","link":"https:\/\/haoracafe.com\/index.php\/menu\/wraplar-ve-burgerler\/","title":{"rendered":"Wrap&#8217;lar ve Burgerler"},"content":{"rendered":"<div  class=\"one ppb_menu_with_image\" style=\"position:relative;padding:80px 0 80px 0;\" >\n<div class=\"standard_wrapper\">\n<div class=\"page_content_wrapper\">\n<div class=\"inner\">\n<div class=\"one_half parallax_scroll_image\" style=\"width:80%;\">\n<div class=\"image_classic_frame expand\">\n<div class=\"image_wrapper\"><a href=\"http:\/\/haoracafe.com\/wp-content\/uploads\/2019\/12\/DSCF5510-.jpg\" class=\"img_frame\"><img decoding=\"async\" src=\"http:\/\/haoracafe.com\/wp-content\/uploads\/2019\/12\/DSCF5510-.jpg\" class=\"portfolio_img\" alt=\"\"\/><\/a><\/div>\n<\/div>\n<\/div>\n<div class=\"one_half last parallax_scroll\" style=\"width:55%;position:absolute;right:90px;background:#ffffff;padding:80px;\" data-stellar-ratio=\"1.3\">\n<h2 class=\"ppb_menu_title\" >Wrap&#039;lar ve Burgerler<\/h2>\n<div id=\"menu_4363\" class=\"menu_content_classic\">\n<h5 class=\"menu_post\">\n\t\t            \t<span class=\"menu_title\" style=\"background:#ffffff;\">Hamburger<\/span><br \/>\n\t\t            \t<span class=\"menu_dots\"><\/span><\/h5>\n<div class=\"post_detail menu_excerpt\">Kendi Yapt\u0131\u011f\u0131m\u0131z Enfes 125gr Burger K\u00f6ftesi, Taze Ye\u015fillik, Domates, Tur\u015fu, Baharatl\u0131 Parmak Patates ve Sweet Chili Sos E\u015fli\u011finde<\/div>\n<\/div>\n<div id=\"menu_4365\" class=\"menu_content_classic\">\n<h5 class=\"menu_post\">\n\t\t            \t<span class=\"menu_title\" style=\"background:#ffffff;\">Cheese Burger<\/span><br \/>\n\t\t            \t<span class=\"menu_dots\"><\/span><\/h5>\n<div class=\"post_detail menu_excerpt\">Kendi Yapt\u0131\u011f\u0131m\u0131z Enfes 125gr Burger K\u00f6ftesi, Cheddar Peyniri, Taze Ye\u015fillik, Domates, Tur\u015fu, Baharatl\u0131 Parmak Patates ve Sweet Chili Sos E\u015fli\u011finde<\/div>\n<\/div>\n<div id=\"menu_4367\" class=\"menu_content_classic\">\n<h5 class=\"menu_post\">\n\t\t            \t<span class=\"menu_title\" style=\"background:#ffffff;\">Haora Burger<\/span><br \/>\n\t\t            \t<span class=\"menu_dots\"><\/span><\/h5>\n<div class=\"post_detail menu_excerpt\">Kendi Yapt\u0131\u011f\u0131m\u0131z Enfes 130gr Burger K\u00f6ftesi, F\u00fcme Et, Karamelize So\u011fan, Cheddar Peyniri, Taze Ye\u015fillik, Domates, Tur\u015fu, Baharatl\u0131 Parmak Patates ve Sweet Chili Sos E\u015fli\u011finde<\/div>\n<\/div>\n<div id=\"menu_4359\" class=\"menu_content_classic\">\n<h5 class=\"menu_post\">\n\t\t            \t<span class=\"menu_title\" style=\"background:#ffffff;\">Etli Wrap<\/span><br \/>\n\t\t            \t<span class=\"menu_dots\"><\/span><\/h5>\n<div class=\"post_detail menu_excerpt\">Sade Lava\u015f \u0130\u00e7erisine Taze Baharatlar \u0130le Marine Edilmi\u015f Bonfile Dilimleri, Sotelenmi\u015f Mantar, Renkli Biberler ve Karamelize So\u011fan Yan\u0131nda Kar\u0131\u015f\u0131k Akdeniz Ye\u015fillikleri Baharatl\u0131 Parmak Patates ve Sweet Chili Sos E\u015fli\u011finde<\/div>\n<\/div>\n<div id=\"menu_4357\" class=\"menu_content_classic\">\n<h5 class=\"menu_post\">\n\t\t            \t<span class=\"menu_title\" style=\"background:#ffffff;\">Tavuklu Mantarl\u0131 Wrap<\/span><br \/>\n\t\t            \t<span class=\"menu_dots\"><\/span><\/h5>\n<div class=\"post_detail menu_excerpt\">Sade Lava\u015f \u0130\u00e7erisine Taze Baharatlar \u0130le Marine Edilmi\u015f Tavuk G\u00f6\u011f\u00fcs Dilimleri, Sotelenmi\u015f Mantar, Renkli Biberler ve Karamelize So\u011fan Yan\u0131nda Kar\u0131\u015f\u0131k Akdeniz Ye\u015fillikleri Baharatl\u0131 Parmak Patates ve Sweet Chili Sos E\u015fli\u011finde<\/div>\n<\/div>\n<div id=\"menu_4361\" class=\"menu_content_classic\">\n<h5 class=\"menu_post\">\n\t\t            \t<span class=\"menu_title\" style=\"background:#ffffff;\">Izgara K\u00f6fte Wrap<\/span><br \/>\n\t\t            \t<span class=\"menu_dots\"><\/span><\/h5>\n<div class=\"post_detail menu_excerpt\">Sade Lava\u015f \u0130\u00e7erisine Taze Baharatlar \u0130le Marine Edilmi\u015f Izgara K\u00f6fte, Sotelenmi\u015f Mantar, Renkli Biberler ve Karamelize So\u011fan Yan\u0131nda Kar\u0131\u015f\u0131k Akdeniz Ye\u015fillikleri Baharatl\u0131 Parmak Patates ve Sweet Chili Sos E\u015fli\u011finde<\/div>\n<\/div>\n<\/div>\n<p><br class=\"clear\"\/><\/div>\n<\/div>\n<\/div>\n<\/div>\n","protected":false},"excerpt":{"rendered":"<p>Wrap&#039;lar ve Burgerler Hamburger Kendi Yapt\u0131\u011f\u0131m\u0131z Enfes 125gr Burger K\u00f6ftesi, Taze Ye\u015fillik, Domates, Tur\u015fu, Baharatl\u0131 Parmak Patates ve Sweet Chili Sos E\u015fli\u011finde Cheese Burger Kendi Yapt\u0131\u011f\u0131m\u0131z Enfes 125gr Burger K\u00f6ftesi, Cheddar Peyniri, Taze Ye\u015fillik, Domates, Tur\u015fu, Baharatl\u0131 Parmak Patates ve [&hellip;]<\/p>\n","protected":false},"author":1,"featured_media":0,"parent":3244,"menu_order":0,"comment_status":"closed","ping_status":"closed","template":"","meta":{"footnotes":""},"class_list":["post-4788","page","type-page","status-publish","hentry"],"_links":{"self":[{"href":"https:\/\/haoracafe.com\/index.php\/wp-json\/wp\/v2\/pages\/4788","targetHints":{"allow":["GET"]}}],"collection":[{"href":"https:\/\/haoracafe.com\/index.php\/wp-json\/wp\/v2\/pages"}],"about":[{"href":"https:\/\/haoracafe.com\/index.php\/wp-json\/wp\/v2\/types\/page"}],"author":[{"embeddable":true,"href":"https:\/\/haoracafe.com\/index.php\/wp-json\/wp\/v2\/users\/1"}],"replies":[{"embeddable":true,"href":"https:\/\/haoracafe.com\/index.php\/wp-json\/wp\/v2\/comments?post=4788"}],"version-history":[{"count":16,"href":"https:\/\/haoracafe.com\/index.php\/wp-json\/wp\/v2\/pages\/4788\/revisions"}],"predecessor-version":[{"id":5107,"href":"https:\/\/haoracafe.com\/index.php\/wp-json\/wp\/v2\/pages\/4788\/revisions\/5107"}],"up":[{"embeddable":true,"href":"https:\/\/haoracafe.com\/index.php\/wp-json\/wp\/v2\/pages\/3244"}],"wp:attachment":[{"href":"https:\/\/haoracafe.com\/index.php\/wp-json\/wp\/v2\/media?parent=4788"}],"curies":[{"name":"wp","href":"https:\/\/api.w.org\/{rel}","templated":true}]}}