{"id":4819,"date":"2019-12-12T21:24:42","date_gmt":"2019-12-12T18:24:42","guid":{"rendered":"http:\/\/haoracafe.com\/?page_id=4819"},"modified":"2019-12-12T22:18:48","modified_gmt":"2019-12-12T19:18:48","slug":"milkshake","status":"publish","type":"page","link":"https:\/\/haoracafe.com\/index.php\/menu\/milkshake\/","title":{"rendered":"Milkshake"},"content":{"rendered":"<div  class=\"one\" style=\"padding:50px 0 50px 0;\" >\n<div class=\"standard_wrapper\">\n<div class=\"page_content_wrapper\">\n<div class=\"inner\">\n<div style=\"margin:auto;width:100%;text-align:center;\">\n<h2 class=\"ppb_menu_title\" >Milkshake<\/h2>\n<p><br class=\"clear\"\/><\/p>\n<div class=\"one_third \">\n<div id=\"menu_4418\" class=\"menu_content_classic\">\n<h5 class=\"menu_post\">\n\t\t        \t<span class=\"menu_title\">Vanilyal\u0131 Milkshake<\/span><br \/>\n\t\t        \t<span class=\"menu_dots\"><\/span><\/h5>\n<div class=\"post_detail menu_excerpt\"><\/div>\n<\/div>\n<\/div>\n<div class=\"one_third \">\n<div id=\"menu_4416\" class=\"menu_content_classic\">\n<h5 class=\"menu_post\">\n\t\t        \t<span class=\"menu_title\">Karamelli Milkshake<\/span><br \/>\n\t\t        \t<span class=\"menu_dots\"><\/span><\/h5>\n<div class=\"post_detail menu_excerpt\"><\/div>\n<\/div>\n<\/div>\n<div class=\"one_third last\">\n<div id=\"menu_4413\" class=\"menu_content_classic\">\n<h5 class=\"menu_post\">\n\t\t        \t<span class=\"menu_title\">Muzlu Milkshake<\/span><br \/>\n\t\t        \t<span class=\"menu_dots\"><\/span><\/h5>\n<div class=\"post_detail menu_excerpt\"><\/div>\n<\/div>\n<\/div>\n<div class=\"one_third \">\n<div id=\"menu_4410\" class=\"menu_content_classic\">\n<h5 class=\"menu_post\">\n\t\t        \t<span class=\"menu_title\">\u00c7ilekli Milkshake<\/span><br \/>\n\t\t        \t<span class=\"menu_dots\"><\/span><\/h5>\n<div class=\"post_detail menu_excerpt\"><\/div>\n<\/div>\n<\/div>\n<div class=\"one_third \">\n<div id=\"menu_4422\" class=\"menu_content_classic\">\n<h5 class=\"menu_post\">\n\t\t        \t<span class=\"menu_title\">Oreolu Milkshake<\/span><br \/>\n\t\t        \t<span class=\"menu_dots\"><\/span><\/h5>\n<div class=\"post_detail menu_excerpt\"><\/div>\n<\/div>\n<\/div>\n<div class=\"one_third last\">\n<div id=\"menu_4420\" class=\"menu_content_classic\">\n<h5 class=\"menu_post\">\n\t\t        \t<span class=\"menu_title\">\u00c7ikolatal\u0131 Milkshake<\/span><br \/>\n\t\t        \t<span class=\"menu_dots\"><\/span><\/h5>\n<div class=\"post_detail menu_excerpt\"><\/div>\n<\/div>\n<\/div>\n<\/div>\n<p><br class=\"clear\"\/><\/div>\n<\/div>\n<\/div>\n<\/div>\n","protected":false},"excerpt":{"rendered":"<p>Milkshake Vanilyal\u0131 Milkshake Karamelli Milkshake Muzlu Milkshake \u00c7ilekli Milkshake Oreolu Milkshake \u00c7ikolatal\u0131 Milkshake<\/p>\n","protected":false},"author":1,"featured_media":0,"parent":3244,"menu_order":0,"comment_status":"closed","ping_status":"closed","template":"","meta":{"footnotes":""},"class_list":["post-4819","page","type-page","status-publish","hentry"],"_links":{"self":[{"href":"https:\/\/haoracafe.com\/index.php\/wp-json\/wp\/v2\/pages\/4819","targetHints":{"allow":["GET"]}}],"collection":[{"href":"https:\/\/haoracafe.com\/index.php\/wp-json\/wp\/v2\/pages"}],"about":[{"href":"https:\/\/haoracafe.com\/index.php\/wp-json\/wp\/v2\/types\/page"}],"author":[{"embeddable":true,"href":"https:\/\/haoracafe.com\/index.php\/wp-json\/wp\/v2\/users\/1"}],"replies":[{"embeddable":true,"href":"https:\/\/haoracafe.com\/index.php\/wp-json\/wp\/v2\/comments?post=4819"}],"version-history":[{"count":4,"href":"https:\/\/haoracafe.com\/index.php\/wp-json\/wp\/v2\/pages\/4819\/revisions"}],"predecessor-version":[{"id":4827,"href":"https:\/\/haoracafe.com\/index.php\/wp-json\/wp\/v2\/pages\/4819\/revisions\/4827"}],"up":[{"embeddable":true,"href":"https:\/\/haoracafe.com\/index.php\/wp-json\/wp\/v2\/pages\/3244"}],"wp:attachment":[{"href":"https:\/\/haoracafe.com\/index.php\/wp-json\/wp\/v2\/media?parent=4819"}],"curies":[{"name":"wp","href":"https:\/\/api.w.org\/{rel}","templated":true}]}}