{"id":4832,"date":"2019-12-12T22:20:19","date_gmt":"2019-12-12T19:20:19","guid":{"rendered":"http:\/\/haoracafe.com\/?page_id=4832"},"modified":"2019-12-12T22:44:07","modified_gmt":"2019-12-12T19:44:07","slug":"ana-yemekler","status":"publish","type":"page","link":"https:\/\/haoracafe.com\/index.php\/menu\/ana-yemekler\/","title":{"rendered":"Ana Yemekler"},"content":{"rendered":"<div  class=\"one\" style=\"padding:50px 0 50px 0;\" >\n<div class=\"standard_wrapper\">\n<div class=\"page_content_wrapper\">\n<div class=\"inner\">\n<div style=\"margin:auto;width:100%;text-align:center;\">\n<h2 class=\"ppb_menu_title\" >Ana Yemekler<\/h2>\n<p><br class=\"clear\"\/><\/p>\n<div class=\"one_half \">\n<div id=\"menu_4663\" class=\"menu_content_classic\">\n<div class=\"menu_image\"><a href=\"http:\/\/haoracafe.com\/wp-content\/uploads\/revslider\/video1.jpg\" class=\"img_frame\"><img decoding=\"async\" src=\"http:\/\/haoracafe.com\/wp-content\/uploads\/revslider\/video1-150x150.jpg\" alt=\"\"\/><\/a><\/div>\n<h5 class=\"menu_post\">\n\t\t        \t<span class=\"menu_title\">Mantar Soslu Tavuk<\/span><br \/>\n\t\t        \t<span class=\"menu_dots image\"><\/span><\/h5>\n<div class=\"post_detail menu_excerpt\">Kremal\u0131 Mantar Sosunda Marine Edilmi\u015f Julyen Do\u011franm\u0131\u015f Tavuk Par\u00e7alar\u0131, Taze Mantar, Baharatl\u0131 Parmak Patates ve Pilav E\u015fli\u011finde<\/div>\n<\/div>\n<\/div>\n<div class=\"one_half last\">\n<div id=\"menu_4666\" class=\"menu_content_classic\">\n<div class=\"menu_image\"><a href=\"http:\/\/haoracafe.com\/wp-content\/uploads\/revslider\/video1.jpg\" class=\"img_frame\"><img decoding=\"async\" src=\"http:\/\/haoracafe.com\/wp-content\/uploads\/revslider\/video1-150x150.jpg\" alt=\"\"\/><\/a><\/div>\n<h5 class=\"menu_post\">\n\t\t        \t<span class=\"menu_title\">K\u00f6ri Soslu Tavuk<\/span><br \/>\n\t\t        \t<span class=\"menu_dots image\"><\/span><\/h5>\n<div class=\"post_detail menu_excerpt\">K\u00f6ri Sosunda Marine Edilmi\u015f Julyen Do\u011franm\u0131\u015f Tavuk Par\u00e7alar\u0131, Taze Mantar, Baharatl\u0131 Parmak Patates ve Pilav E\u015fli\u011finde<\/div>\n<\/div>\n<\/div>\n<div class=\"one_half \">\n<div id=\"menu_4669\" class=\"menu_content_classic\">\n<div class=\"menu_image\"><a href=\"http:\/\/haoracafe.com\/wp-content\/uploads\/revslider\/video1.jpg\" class=\"img_frame\"><img decoding=\"async\" src=\"http:\/\/haoracafe.com\/wp-content\/uploads\/revslider\/video1-150x150.jpg\" alt=\"\"\/><\/a><\/div>\n<h5 class=\"menu_post\">\n\t\t        \t<span class=\"menu_title\">Soya Soslu Tavuk<\/span><br \/>\n\t\t        \t<span class=\"menu_dots image\"><\/span><\/h5>\n<div class=\"post_detail menu_excerpt\">Soya Sosunda Marine Edilmi\u015f Julyen Do\u011franm\u0131\u015f Tavuk Par\u00e7alar\u0131, Taze Mantar, Baharatl\u0131 Parmak Patates ve Pilav E\u015fli\u011finde<\/div>\n<\/div>\n<\/div>\n<div class=\"one_half last\">\n<div id=\"menu_4672\" class=\"menu_content_classic\">\n<div class=\"menu_image\"><a href=\"http:\/\/haoracafe.com\/wp-content\/uploads\/revslider\/video1.jpg\" class=\"img_frame\"><img decoding=\"async\" src=\"http:\/\/haoracafe.com\/wp-content\/uploads\/revslider\/video1-150x150.jpg\" alt=\"\"\/><\/a><\/div>\n<h5 class=\"menu_post\">\n\t\t        \t<span class=\"menu_title\">BBQ Soslu Tavuk<\/span><br \/>\n\t\t        \t<span class=\"menu_dots image\"><\/span><\/h5>\n<div class=\"post_detail menu_excerpt\">BBQ Sosunda Marine Edilmi\u015f Julyen Do\u011franm\u0131\u015f Tavuk Par\u00e7alar\u0131, Taze Mantar, Baharatl\u0131 Parmak Patates ve Pilav E\u015fli\u011finde<\/div>\n<\/div>\n<\/div>\n<div class=\"one_half \">\n<div id=\"menu_4674\" class=\"menu_content_classic\">\n<div class=\"menu_image\"><a href=\"http:\/\/haoracafe.com\/wp-content\/uploads\/revslider\/video1.jpg\" class=\"img_frame\"><img decoding=\"async\" src=\"http:\/\/haoracafe.com\/wp-content\/uploads\/revslider\/video1-150x150.jpg\" alt=\"\"\/><\/a><\/div>\n<h5 class=\"menu_post\">\n\t\t        \t<span class=\"menu_title\">Tavuk Schinitzel<\/span><br \/>\n\t\t        \t<span class=\"menu_dots image\"><\/span><\/h5>\n<div class=\"post_detail menu_excerpt\">\u00d6zenle Elde Edilmi\u015f \u00c7\u0131t\u0131r Tavuk, Patates K\u0131zartmas\u0131, Akdeniz Ye\u015filli\u011fi, \u00c7eri Domates, Tereya\u011f\u0131 ve Limon E\u015fli\u011finde<\/div>\n<\/div>\n<\/div>\n<div class=\"one_half last\">\n<div id=\"menu_4677\" class=\"menu_content_classic\">\n<div class=\"menu_image\"><a href=\"http:\/\/haoracafe.com\/wp-content\/uploads\/revslider\/video1.jpg\" class=\"img_frame\"><img decoding=\"async\" src=\"http:\/\/haoracafe.com\/wp-content\/uploads\/revslider\/video1-150x150.jpg\" alt=\"\"\/><\/a><\/div>\n<h5 class=\"menu_post\">\n\t\t        \t<span class=\"menu_title\">Cafe De Paris Soslu Schinitzel<\/span><br \/>\n\t\t        \t<span class=\"menu_dots image\"><\/span><\/h5>\n<div class=\"post_detail menu_excerpt\">\u00d6zenle Elde Edilmi\u015f \u00c7\u0131t\u0131r Tavuk, Cafe De Paris Sosu, Patates K\u0131zartmas\u0131, Akdeniz Ye\u015filli\u011fi, \u00c7eri Domates, Tereya\u011f\u0131 ve Limon E\u015fli\u011finde<\/div>\n<\/div>\n<\/div>\n<div class=\"one_half \">\n<div id=\"menu_4680\" class=\"menu_content_classic\">\n<div class=\"menu_image\"><a href=\"http:\/\/haoracafe.com\/wp-content\/uploads\/revslider\/video1.jpg\" class=\"img_frame\"><img decoding=\"async\" src=\"http:\/\/haoracafe.com\/wp-content\/uploads\/revslider\/video1-150x150.jpg\" alt=\"\"\/><\/a><\/div>\n<h5 class=\"menu_post\">\n\t\t        \t<span class=\"menu_title\">3 Peynirli Tavuk Schinitzel<\/span><br \/>\n\t\t        \t<span class=\"menu_dots image\"><\/span><\/h5>\n<div class=\"post_detail menu_excerpt\">\u00d6zenle Elde Edilmi\u015f \u00c7\u0131t\u0131r Tavuk, Enfes 3 Peynir Kar\u0131\u015f\u0131m\u0131 ( Ka\u015far,Cheddar,Tulum ), Patates K\u0131zartmas\u0131, Akdeniz Ye\u015filli\u011fi, \u00c7eri Domates, Tereya\u011f\u0131 ve Limon E\u015fli\u011finde<\/div>\n<\/div>\n<\/div>\n<div class=\"one_half last\">\n<div id=\"menu_4683\" class=\"menu_content_classic\">\n<div class=\"menu_image\"><a href=\"http:\/\/haoracafe.com\/wp-content\/uploads\/revslider\/video1.jpg\" class=\"img_frame\"><img decoding=\"async\" src=\"http:\/\/haoracafe.com\/wp-content\/uploads\/revslider\/video1-150x150.jpg\" alt=\"\"\/><\/a><\/div>\n<h5 class=\"menu_post\">\n\t\t        \t<span class=\"menu_title\">Izgara K\u00f6fte<\/span><br \/>\n\t\t        \t<span class=\"menu_dots image\"><\/span><\/h5>\n<div class=\"post_detail menu_excerpt\">K\u00f6zlenmi\u015f Domates,Biber, Acuka, Akdeniz Ye\u015filli\u011fi ve Patates K\u0131zartmas\u0131 E\u015fli\u011finde<\/div>\n<\/div>\n<\/div>\n<div class=\"one_half \">\n<div id=\"menu_4686\" class=\"menu_content_classic\">\n<div class=\"menu_image\"><a href=\"http:\/\/haoracafe.com\/wp-content\/uploads\/revslider\/video1.jpg\" class=\"img_frame\"><img decoding=\"async\" src=\"http:\/\/haoracafe.com\/wp-content\/uploads\/revslider\/video1-150x150.jpg\" alt=\"\"\/><\/a><\/div>\n<h5 class=\"menu_post\">\n\t\t        \t<span class=\"menu_title\">Ka\u015farl\u0131 K\u00f6fte<\/span><br \/>\n\t\t        \t<span class=\"menu_dots image\"><\/span><\/h5>\n<div class=\"post_detail menu_excerpt\">K\u00f6zlenmi\u015f Domates, Eritilmi\u015f Ka\u015far Peyniri, Biber, Acuka, Akdeniz Ye\u015filli\u011fi ve Patates K\u0131zartmas\u0131 E\u015fli\u011finde<\/div>\n<\/div>\n<\/div>\n<div class=\"one_half last\">\n<div id=\"menu_4689\" class=\"menu_content_classic\">\n<div class=\"menu_image\"><a href=\"http:\/\/haoracafe.com\/wp-content\/uploads\/revslider\/video1.jpg\" class=\"img_frame\"><img decoding=\"async\" src=\"http:\/\/haoracafe.com\/wp-content\/uploads\/revslider\/video1-150x150.jpg\" alt=\"\"\/><\/a><\/div>\n<h5 class=\"menu_post\">\n\t\t        \t<span class=\"menu_title\">Haora Yo\u011furtlu Kebap<\/span><br \/>\n\t\t        \t<span class=\"menu_dots image\"><\/span><\/h5>\n<div class=\"post_detail menu_excerpt\">Lokum Bonfile, Izgara K\u00f6fte, Tereya\u011f\u0131nda Sotelenmi\u015f T\u0131rnak Pide, Kibrit Patates, S\u00fczme Yo\u011furt, K\u00f6zlenmi\u015f Biber ve Domates E\u015fli\u011finde<\/div>\n<\/div>\n<\/div>\n<div class=\"one_half \">\n<div id=\"menu_4692\" class=\"menu_content_classic\">\n<div class=\"menu_image\"><a href=\"http:\/\/haoracafe.com\/wp-content\/uploads\/revslider\/video1.jpg\" class=\"img_frame\"><img decoding=\"async\" src=\"http:\/\/haoracafe.com\/wp-content\/uploads\/revslider\/video1-150x150.jpg\" alt=\"\"\/><\/a><\/div>\n<h5 class=\"menu_post\">\n\t\t        \t<span class=\"menu_title\">Pideli Be\u011fendili K\u00f6fte<\/span><br \/>\n\t\t        \t<span class=\"menu_dots image\"><\/span><\/h5>\n<div class=\"post_detail menu_excerpt\">Tereya\u011f\u0131nda Sotelenmi\u015f T\u0131rnak Pide \u00fczerine Patl\u0131can Be\u011fendi Yata\u011f\u0131nda Izgara K\u00f6fte, K\u00f6zlenmi\u015f Biber ve Domates E\u015fli\u011finde<\/div>\n<\/div>\n<\/div>\n<div class=\"one_half last\">\n<div id=\"menu_4695\" class=\"menu_content_classic\">\n<div class=\"menu_image\"><a href=\"http:\/\/haoracafe.com\/wp-content\/uploads\/revslider\/video1.jpg\" class=\"img_frame\"><img decoding=\"async\" src=\"http:\/\/haoracafe.com\/wp-content\/uploads\/revslider\/video1-150x150.jpg\" alt=\"\"\/><\/a><\/div>\n<h5 class=\"menu_post\">\n\t\t        \t<span class=\"menu_title\">Cafe de Paris Soslu Bonfile<\/span><br \/>\n\t\t        \t<span class=\"menu_dots image\"><\/span><\/h5>\n<div class=\"post_detail menu_excerpt\">Enfes Cafe De Paris Sos E\u015fli\u011finde \u00d6zel Baharatlarla Marine Edilmi\u015f Dana Bonfile, K\u00f6zlenmi\u015f Domates, Biber, Patates Tava ve Pilav E\u015fli\u011finde<\/div>\n<\/div>\n<\/div>\n<div class=\"one_half \">\n<div id=\"menu_4698\" class=\"menu_content_classic\">\n<div class=\"menu_image\"><a href=\"http:\/\/haoracafe.com\/wp-content\/uploads\/revslider\/video1.jpg\" class=\"img_frame\"><img decoding=\"async\" src=\"http:\/\/haoracafe.com\/wp-content\/uploads\/revslider\/video1-150x150.jpg\" alt=\"\"\/><\/a><\/div>\n<h5 class=\"menu_post\">\n\t\t        \t<span class=\"menu_title\">Bonfile Lokum<\/span><br \/>\n\t\t        \t<span class=\"menu_dots image\"><\/span><\/h5>\n<div class=\"post_detail menu_excerpt\">200 gr Dana Bonfile, K\u00f6zlenmi\u015f Domates, Biber, Bahartl\u0131 Parmak Patates ve Pilav E\u015fli\u011finde<\/div>\n<\/div>\n<\/div>\n<div class=\"one_half last\">\n<div id=\"menu_4701\" class=\"menu_content_classic\">\n<div class=\"menu_image\"><a href=\"http:\/\/haoracafe.com\/wp-content\/uploads\/revslider\/video1.jpg\" class=\"img_frame\"><img decoding=\"async\" src=\"http:\/\/haoracafe.com\/wp-content\/uploads\/revslider\/video1-150x150.jpg\" alt=\"\"\/><\/a><\/div>\n<h5 class=\"menu_post\">\n\t\t        \t<span class=\"menu_title\">Ev Usul\u00fc Sa\u00e7 Kavurma<\/span><br \/>\n\t\t        \t<span class=\"menu_dots image\"><\/span><\/h5>\n<div class=\"post_detail menu_excerpt\">Domates, Biber, So\u011fan ve Taze Baharatlar \u0130le \u00d6zel Marine Edilmi\u015f Bonfile Par\u00e7alar\u0131, Baharatl\u0131 Parmak Patates ve Pilav E\u015fli\u011finde<\/div>\n<\/div>\n<\/div>\n<div class=\"one_half \">\n<div id=\"menu_4660\" class=\"menu_content_classic\">\n<div class=\"menu_image\"><a href=\"http:\/\/haoracafe.com\/wp-content\/uploads\/revslider\/video1.jpg\" class=\"img_frame\"><img decoding=\"async\" src=\"http:\/\/haoracafe.com\/wp-content\/uploads\/revslider\/video1-150x150.jpg\" alt=\"\"\/><\/a><\/div>\n<h5 class=\"menu_post\">\n\t\t        \t<span class=\"menu_title\">Kekikli Tavuk Pirzola<\/span><br \/>\n\t\t        \t<span class=\"menu_dots image\"><\/span><\/h5>\n<div class=\"post_detail menu_excerpt\">\u00d6zenle Marine Edilmi\u015f Tavuk Pirzola, Patates Tava, Pilav, K\u00f6zlenmi\u015f Biber ve Domates E\u015fli\u011finde<\/div>\n<\/div>\n<\/div>\n<\/div>\n<p><br class=\"clear\"\/><\/div>\n<\/div>\n<\/div>\n<\/div>\n","protected":false},"excerpt":{"rendered":"<p>Ana Yemekler Mantar Soslu Tavuk Kremal\u0131 Mantar Sosunda Marine Edilmi\u015f Julyen Do\u011franm\u0131\u015f Tavuk Par\u00e7alar\u0131, Taze Mantar, Baharatl\u0131 Parmak Patates ve Pilav E\u015fli\u011finde K\u00f6ri Soslu Tavuk K\u00f6ri Sosunda Marine Edilmi\u015f Julyen Do\u011franm\u0131\u015f Tavuk Par\u00e7alar\u0131, Taze Mantar, Baharatl\u0131 Parmak Patates ve Pilav [&hellip;]<\/p>\n","protected":false},"author":1,"featured_media":0,"parent":3244,"menu_order":0,"comment_status":"closed","ping_status":"closed","template":"","meta":{"footnotes":""},"class_list":["post-4832","page","type-page","status-publish","hentry"],"_links":{"self":[{"href":"https:\/\/haoracafe.com\/index.php\/wp-json\/wp\/v2\/pages\/4832","targetHints":{"allow":["GET"]}}],"collection":[{"href":"https:\/\/haoracafe.com\/index.php\/wp-json\/wp\/v2\/pages"}],"about":[{"href":"https:\/\/haoracafe.com\/index.php\/wp-json\/wp\/v2\/types\/page"}],"author":[{"embeddable":true,"href":"https:\/\/haoracafe.com\/index.php\/wp-json\/wp\/v2\/users\/1"}],"replies":[{"embeddable":true,"href":"https:\/\/haoracafe.com\/index.php\/wp-json\/wp\/v2\/comments?post=4832"}],"version-history":[{"count":4,"href":"https:\/\/haoracafe.com\/index.php\/wp-json\/wp\/v2\/pages\/4832\/revisions"}],"predecessor-version":[{"id":4886,"href":"https:\/\/haoracafe.com\/index.php\/wp-json\/wp\/v2\/pages\/4832\/revisions\/4886"}],"up":[{"embeddable":true,"href":"https:\/\/haoracafe.com\/index.php\/wp-json\/wp\/v2\/pages\/3244"}],"wp:attachment":[{"href":"https:\/\/haoracafe.com\/index.php\/wp-json\/wp\/v2\/media?parent=4832"}],"curies":[{"name":"wp","href":"https:\/\/api.w.org\/{rel}","templated":true}]}}