{"id":4836,"date":"2019-12-12T22:21:33","date_gmt":"2019-12-12T19:21:33","guid":{"rendered":"http:\/\/haoracafe.com\/?page_id=4836"},"modified":"2019-12-15T06:34:49","modified_gmt":"2019-12-15T03:34:49","slug":"atistirmaliklar","status":"publish","type":"page","link":"https:\/\/haoracafe.com\/index.php\/menu\/atistirmaliklar\/","title":{"rendered":"At\u0131\u015ft\u0131rmal\u0131klar"},"content":{"rendered":"<div  class=\"one ppb_menu_with_image\" style=\"position:relative;padding:40px 0 40px 0;\" >\n<div class=\"standard_wrapper\">\n<div class=\"page_content_wrapper\">\n<div class=\"inner\">\n<div class=\"one_half parallax_scroll_image\" style=\"width:65%;\">\n<div class=\"image_classic_frame expand\">\n<div class=\"image_wrapper\"><a href=\"http:\/\/haoracafe.com\/wp-content\/uploads\/2019\/12\/DSCF5480-.jpg\" class=\"img_frame\"><img decoding=\"async\" src=\"http:\/\/haoracafe.com\/wp-content\/uploads\/2019\/12\/DSCF5480-.jpg\" class=\"portfolio_img\" alt=\"\"\/><\/a><\/div>\n<\/div>\n<\/div>\n<div class=\"one_half last parallax_scroll\" style=\"width:40%;position:absolute;right:90px;background:#ffffff;padding:40px;\" data-stellar-ratio=\"1.3\">\n<h2 class=\"ppb_menu_title\" >At\u0131\u015ft\u0131rmal\u0131klar<\/h2>\n<div id=\"menu_4735\" class=\"menu_content_classic\">\n<h5 class=\"menu_post\">\n\t\t            \t<span class=\"menu_title\" style=\"background:#ffffff;\">\u00c7\u0131t\u0131r Mant\u0131<\/span><br \/>\n\t\t            \t<span class=\"menu_dots\"><\/span><\/h5>\n<div class=\"post_detail menu_excerpt\">S\u00fczme Yo\u011furt ve Ac\u0131 Sos \u0130le Servis Edilir<\/div>\n<\/div>\n<div id=\"menu_4737\" class=\"menu_content_classic\">\n<h5 class=\"menu_post\">\n\t\t            \t<span class=\"menu_title\" style=\"background:#ffffff;\">Haora Sepet ( 8 adet )<\/span><br \/>\n\t\t            \t<span class=\"menu_dots\"><\/span><\/h5>\n<div class=\"post_detail menu_excerpt\">Baharatl\u0131 Parmak Patates, So\u011fan Halkas\u0131 ( 4 adet ), Sigara B\u00f6re\u011fi ( 2 adet ), Sosis Tava ( 2 adet ), \u00c7\u0131t\u0131r Tavuk ( 4 adet ), Mozerella Sticks ( 2 adet ), Sweet Chili Sos E\u015fli\u011finde<\/div>\n<\/div>\n<div id=\"menu_4718\" class=\"menu_content_classic\">\n<h5 class=\"menu_post\">\n\t\t            \t<span class=\"menu_title\" style=\"background:#ffffff;\">Patates Tava<\/span><br \/>\n\t\t            \t<span class=\"menu_dots\"><\/span><\/h5>\n<div class=\"post_detail menu_excerpt\">\u00d6zel Baharat Sosu \u0130le Servis Edilir<\/div>\n<\/div>\n<div id=\"menu_4721\" class=\"menu_content_classic\">\n<h5 class=\"menu_post\">\n\t\t            \t<span class=\"menu_title\" style=\"background:#ffffff;\">Sigara B\u00f6re\u011fi<\/span><br \/>\n\t\t            \t<span class=\"menu_dots\"><\/span><\/h5>\n<div class=\"post_detail menu_excerpt\">Baharatl\u0131 Parmak Patates E\u015fli\u011finde<\/div>\n<\/div>\n<div id=\"menu_4724\" class=\"menu_content_classic\">\n<h5 class=\"menu_post\">\n\t\t            \t<span class=\"menu_title\" style=\"background:#ffffff;\">Sosis Tava ( 6 Adet )<\/span><br \/>\n\t\t            \t<span class=\"menu_dots\"><\/span><\/h5>\n<div class=\"post_detail menu_excerpt\">Baharatl\u0131 Parmak Patates E\u015fli\u011finde<\/div>\n<\/div>\n<div id=\"menu_4726\" class=\"menu_content_classic\">\n<h5 class=\"menu_post\">\n\t\t            \t<span class=\"menu_title\" style=\"background:#ffffff;\">Pa\u00e7anga B\u00f6re\u011fi ( 4 Adet )<\/span><br \/>\n\t\t            \t<span class=\"menu_dots\"><\/span><\/h5>\n<div class=\"post_detail menu_excerpt\">Baharatl\u0131 Parmak Patates E\u015fli\u011finde<\/div>\n<\/div>\n<div id=\"menu_4728\" class=\"menu_content_classic\">\n<h5 class=\"menu_post\">\n\t\t            \t<span class=\"menu_title\" style=\"background:#ffffff;\">So\u011fan Halkas\u0131 ( 8 Adet )<\/span><br \/>\n\t\t            \t<span class=\"menu_dots\"><\/span><\/h5>\n<div class=\"post_detail menu_excerpt\">Baharatl\u0131 Parmak Patates E\u015fli\u011finde<\/div>\n<\/div>\n<div id=\"menu_4730\" class=\"menu_content_classic\">\n<h5 class=\"menu_post\">\n\t\t            \t<span class=\"menu_title\" style=\"background:#ffffff;\">\u00c7\u0131t\u0131r Tavuk ( 4 Adet Orta Boy \u00c7\u0131t\u0131r Tavuk )<\/span><br \/>\n\t\t            \t<span class=\"menu_dots\"><\/span><\/h5>\n<div class=\"post_detail menu_excerpt\">Baharatl\u0131 Parmak Patates E\u015fli\u011finde<\/div>\n<\/div>\n<div id=\"menu_4732\" class=\"menu_content_classic\">\n<h5 class=\"menu_post\">\n\t\t            \t<span class=\"menu_title\" style=\"background:#ffffff;\">Mant\u0131<\/span><br \/>\n\t\t            \t<span class=\"menu_dots\"><\/span><\/h5>\n<div class=\"post_detail menu_excerpt\">S\u00fczme Yo\u011furt ve Ac\u0131 Sos \u0130le Servis Edilir<\/div>\n<\/div>\n<\/div>\n<p><br class=\"clear\"\/><\/div>\n<\/div>\n<\/div>\n<\/div>\n","protected":false},"excerpt":{"rendered":"<p>At\u0131\u015ft\u0131rmal\u0131klar \u00c7\u0131t\u0131r Mant\u0131 S\u00fczme Yo\u011furt ve Ac\u0131 Sos \u0130le Servis Edilir Haora Sepet ( 8 adet ) Baharatl\u0131 Parmak Patates, So\u011fan Halkas\u0131 ( 4 adet ), Sigara B\u00f6re\u011fi ( 2 adet ), Sosis Tava ( 2 adet ), \u00c7\u0131t\u0131r Tavuk [&hellip;]<\/p>\n","protected":false},"author":1,"featured_media":0,"parent":3244,"menu_order":0,"comment_status":"closed","ping_status":"closed","template":"","meta":{"footnotes":""},"class_list":["post-4836","page","type-page","status-publish","hentry"],"_links":{"self":[{"href":"https:\/\/haoracafe.com\/index.php\/wp-json\/wp\/v2\/pages\/4836","targetHints":{"allow":["GET"]}}],"collection":[{"href":"https:\/\/haoracafe.com\/index.php\/wp-json\/wp\/v2\/pages"}],"about":[{"href":"https:\/\/haoracafe.com\/index.php\/wp-json\/wp\/v2\/types\/page"}],"author":[{"embeddable":true,"href":"https:\/\/haoracafe.com\/index.php\/wp-json\/wp\/v2\/users\/1"}],"replies":[{"embeddable":true,"href":"https:\/\/haoracafe.com\/index.php\/wp-json\/wp\/v2\/comments?post=4836"}],"version-history":[{"count":5,"href":"https:\/\/haoracafe.com\/index.php\/wp-json\/wp\/v2\/pages\/4836\/revisions"}],"predecessor-version":[{"id":5111,"href":"https:\/\/haoracafe.com\/index.php\/wp-json\/wp\/v2\/pages\/4836\/revisions\/5111"}],"up":[{"embeddable":true,"href":"https:\/\/haoracafe.com\/index.php\/wp-json\/wp\/v2\/pages\/3244"}],"wp:attachment":[{"href":"https:\/\/haoracafe.com\/index.php\/wp-json\/wp\/v2\/media?parent=4836"}],"curies":[{"name":"wp","href":"https:\/\/api.w.org\/{rel}","templated":true}]}}