{"id":4848,"date":"2019-12-12T22:25:42","date_gmt":"2019-12-12T19:25:42","guid":{"rendered":"http:\/\/haoracafe.com\/?page_id=4848"},"modified":"2019-12-15T06:13:56","modified_gmt":"2019-12-15T03:13:56","slug":"pideler","status":"publish","type":"page","link":"https:\/\/haoracafe.com\/index.php\/menu\/pideler\/","title":{"rendered":"Pideler"},"content":{"rendered":"<div  class=\"one ppb_menu_with_image\" style=\"position:relative;padding:40px 0 40px 0;\" >\n<div class=\"standard_wrapper\">\n<div class=\"page_content_wrapper\">\n<div class=\"inner\">\n<div class=\"one_half parallax_scroll_image\" style=\"width:80%;\">\n<div class=\"image_classic_frame expand\">\n<div class=\"image_wrapper\"><a href=\"http:\/\/haoracafe.com\/wp-content\/uploads\/2019\/12\/DSCF5558-.jpg\" class=\"img_frame\"><img decoding=\"async\" src=\"http:\/\/haoracafe.com\/wp-content\/uploads\/2019\/12\/DSCF5558-.jpg\" class=\"portfolio_img\" alt=\"\"\/><\/a><\/div>\n<\/div>\n<\/div>\n<div class=\"one_half last parallax_scroll\" style=\"width:40%;position:absolute;right:90px;background:#ffffff;padding:40px;\" data-stellar-ratio=\"1.3\">\n<h2 class=\"ppb_menu_title\" >Pideler<\/h2>\n<div id=\"menu_4755\" class=\"menu_content_classic\">\n<h5 class=\"menu_post\">\n\t\t            \t<span class=\"menu_title\" style=\"background:#ffffff;\">Kavurmal\u0131 Pide<\/span><br \/>\n\t\t            \t<span class=\"menu_dots\"><\/span><\/h5>\n<div class=\"post_detail menu_excerpt\">Rende Mozerella Peyniri, Rize Kavurma ve Tereya\u011f\u0131 \u0130le<\/div>\n<\/div>\n<div id=\"menu_4758\" class=\"menu_content_classic\">\n<h5 class=\"menu_post\">\n\t\t            \t<span class=\"menu_title\" style=\"background:#ffffff;\">Kar\u0131\u015f\u0131k Pide<\/span><br \/>\n\t\t            \t<span class=\"menu_dots\"><\/span><\/h5>\n<div class=\"post_detail menu_excerpt\">Rende Mozerella Peyniri, Sucuk ve Tereya\u011f\u0131 \u0130le<\/div>\n<\/div>\n<div id=\"menu_4761\" class=\"menu_content_classic\">\n<h5 class=\"menu_post\">\n\t\t            \t<span class=\"menu_title\" style=\"background:#ffffff;\">Peynirli Pide<\/span><br \/>\n\t\t            \t<span class=\"menu_dots\"><\/span><\/h5>\n<div class=\"post_detail menu_excerpt\">Maydonozlu ve Rendelenmi\u015f Mozerella Peyniri \u0130le<\/div>\n<\/div>\n<\/div>\n<p><br class=\"clear\"\/><\/div>\n<\/div>\n<\/div>\n<\/div>\n","protected":false},"excerpt":{"rendered":"<p>Pideler Kavurmal\u0131 Pide Rende Mozerella Peyniri, Rize Kavurma ve Tereya\u011f\u0131 \u0130le Kar\u0131\u015f\u0131k Pide Rende Mozerella Peyniri, Sucuk ve Tereya\u011f\u0131 \u0130le Peynirli Pide Maydonozlu ve Rendelenmi\u015f Mozerella Peyniri \u0130le<\/p>\n","protected":false},"author":1,"featured_media":0,"parent":3244,"menu_order":0,"comment_status":"closed","ping_status":"closed","template":"","meta":{"footnotes":""},"class_list":["post-4848","page","type-page","status-publish","hentry"],"_links":{"self":[{"href":"https:\/\/haoracafe.com\/index.php\/wp-json\/wp\/v2\/pages\/4848","targetHints":{"allow":["GET"]}}],"collection":[{"href":"https:\/\/haoracafe.com\/index.php\/wp-json\/wp\/v2\/pages"}],"about":[{"href":"https:\/\/haoracafe.com\/index.php\/wp-json\/wp\/v2\/types\/page"}],"author":[{"embeddable":true,"href":"https:\/\/haoracafe.com\/index.php\/wp-json\/wp\/v2\/users\/1"}],"replies":[{"embeddable":true,"href":"https:\/\/haoracafe.com\/index.php\/wp-json\/wp\/v2\/comments?post=4848"}],"version-history":[{"count":4,"href":"https:\/\/haoracafe.com\/index.php\/wp-json\/wp\/v2\/pages\/4848\/revisions"}],"predecessor-version":[{"id":5089,"href":"https:\/\/haoracafe.com\/index.php\/wp-json\/wp\/v2\/pages\/4848\/revisions\/5089"}],"up":[{"embeddable":true,"href":"https:\/\/haoracafe.com\/index.php\/wp-json\/wp\/v2\/pages\/3244"}],"wp:attachment":[{"href":"https:\/\/haoracafe.com\/index.php\/wp-json\/wp\/v2\/media?parent=4848"}],"curies":[{"name":"wp","href":"https:\/\/api.w.org\/{rel}","templated":true}]}}