{"id":4856,"date":"2019-12-12T22:28:13","date_gmt":"2019-12-12T19:28:13","guid":{"rendered":"http:\/\/haoracafe.com\/?page_id=4856"},"modified":"2019-12-12T22:28:13","modified_gmt":"2019-12-12T19:28:13","slug":"salatalar","status":"publish","type":"page","link":"https:\/\/haoracafe.com\/index.php\/menu\/salatalar\/","title":{"rendered":"Salatalar"},"content":{"rendered":"<div  class=\"one\" style=\"padding:50px 0 50px 0;\" >\n<div class=\"standard_wrapper\">\n<div class=\"page_content_wrapper\">\n<div class=\"inner\">\n<div style=\"margin:auto;width:100%;text-align:center;\">\n<h2 class=\"ppb_menu_title\" >Salatalar<\/h2>\n<p><br class=\"clear\"\/><\/p>\n<div class=\"one_half \">\n<div id=\"menu_4764\" class=\"menu_content_classic\">\n<div class=\"menu_image\"><a href=\"http:\/\/haoracafe.com\/wp-content\/uploads\/revslider\/video1.jpg\" class=\"img_frame\"><img decoding=\"async\" src=\"http:\/\/haoracafe.com\/wp-content\/uploads\/revslider\/video1-150x150.jpg\" alt=\"\"\/><\/a><\/div>\n<h5 class=\"menu_post\">\n\t\t        \t<span class=\"menu_title\">\u00c7oban Salata<\/span><br \/>\n\t\t        \t<span class=\"menu_dots image\"><\/span><\/h5>\n<div class=\"post_detail menu_excerpt\">Ye\u015fil Biber, Domates, Salatal\u0131k, So\u011fan ve Maydonoz \u0130le Servis Edilir<\/div>\n<\/div>\n<\/div>\n<div class=\"one_half last\">\n<div id=\"menu_4767\" class=\"menu_content_classic\">\n<div class=\"menu_image\"><a href=\"http:\/\/haoracafe.com\/wp-content\/uploads\/revslider\/video1.jpg\" class=\"img_frame\"><img decoding=\"async\" src=\"http:\/\/haoracafe.com\/wp-content\/uploads\/revslider\/video1-150x150.jpg\" alt=\"\"\/><\/a><\/div>\n<h5 class=\"menu_post\">\n\t\t        \t<span class=\"menu_title\">Tavuklu Sezar Salata<\/span><br \/>\n\t\t        \t<span class=\"menu_dots image\"><\/span><\/h5>\n<div class=\"post_detail menu_excerpt\">Sezar Sos, \u00c7eri Domates ve Kroton Ekmek \u0130le Servis Edilir<\/div>\n<\/div>\n<\/div>\n<div class=\"one_half \">\n<div id=\"menu_4770\" class=\"menu_content_classic\">\n<div class=\"menu_image\"><a href=\"http:\/\/haoracafe.com\/wp-content\/uploads\/revslider\/video1.jpg\" class=\"img_frame\"><img decoding=\"async\" src=\"http:\/\/haoracafe.com\/wp-content\/uploads\/revslider\/video1-150x150.jpg\" alt=\"\"\/><\/a><\/div>\n<h5 class=\"menu_post\">\n\t\t        \t<span class=\"menu_title\">Ton Bal\u0131kl\u0131 Salata<\/span><br \/>\n\t\t        \t<span class=\"menu_dots image\"><\/span><\/h5>\n<div class=\"post_detail menu_excerpt\">Akdeniz Ye\u015filli\u011fi, K\u0131rm\u0131z\u0131 So\u011fan, Dilimli Siyah Zeytin ve \u00c7eri Domates \u0130le Servis Edilir<\/div>\n<\/div>\n<\/div>\n<div class=\"one_half last\">\n<div id=\"menu_4773\" class=\"menu_content_classic\">\n<div class=\"menu_image\"><a href=\"http:\/\/haoracafe.com\/wp-content\/uploads\/revslider\/video1.jpg\" class=\"img_frame\"><img decoding=\"async\" src=\"http:\/\/haoracafe.com\/wp-content\/uploads\/revslider\/video1-150x150.jpg\" alt=\"\"\/><\/a><\/div>\n<h5 class=\"menu_post\">\n\t\t        \t<span class=\"menu_title\">Ye\u015fil Salata<\/span><br \/>\n\t\t        \t<span class=\"menu_dots image\"><\/span><\/h5>\n<div class=\"post_detail menu_excerpt\">Bah\u00e7e Ye\u015fillikleri ve Aromal\u0131 Bitkiler \u0130le Servis Edilir<\/div>\n<\/div>\n<\/div>\n<div class=\"one_half \">\n<div id=\"menu_4776\" class=\"menu_content_classic\">\n<div class=\"menu_image\"><a href=\"http:\/\/haoracafe.com\/wp-content\/uploads\/revslider\/video1.jpg\" class=\"img_frame\"><img decoding=\"async\" src=\"http:\/\/haoracafe.com\/wp-content\/uploads\/revslider\/video1-150x150.jpg\" alt=\"\"\/><\/a><\/div>\n<h5 class=\"menu_post\">\n\t\t        \t<span class=\"menu_title\">Beef Salata<\/span><br \/>\n\t\t        \t<span class=\"menu_dots image\"><\/span><\/h5>\n<div class=\"post_detail menu_excerpt\">Taze Akdeniz Ye\u015fillikleri, \u00d6zel Sosla Marine Edilmi\u015f Bonfile Par\u00e7alar\u0131, Jalopen e Biberi, M\u0131s\u0131r ve Nar Ek\u015fisi \u0130le Servis Edilir<\/div>\n<\/div>\n<\/div>\n<div class=\"one_half last\">\n<div id=\"menu_4779\" class=\"menu_content_classic\">\n<div class=\"menu_image\"><a href=\"http:\/\/haoracafe.com\/wp-content\/uploads\/revslider\/video1.jpg\" class=\"img_frame\"><img decoding=\"async\" src=\"http:\/\/haoracafe.com\/wp-content\/uploads\/revslider\/video1-150x150.jpg\" alt=\"\"\/><\/a><\/div>\n<h5 class=\"menu_post\">\n\t\t        \t<span class=\"menu_title\">Hellim Peynirli Salata<\/span><br \/>\n\t\t        \t<span class=\"menu_dots image\"><\/span><\/h5>\n<div class=\"post_detail menu_excerpt\">Akdeniz Ye\u015filli\u011fi, Domates Kurusu, Ceviz ve Nar Ek\u015fisi \u0130le Servis Edilir<\/div>\n<\/div>\n<\/div>\n<\/div>\n<p><br class=\"clear\"\/><\/div>\n<\/div>\n<\/div>\n<\/div>\n","protected":false},"excerpt":{"rendered":"<p>Salatalar \u00c7oban Salata Ye\u015fil Biber, Domates, Salatal\u0131k, So\u011fan ve Maydonoz \u0130le Servis Edilir Tavuklu Sezar Salata Sezar Sos, \u00c7eri Domates ve Kroton Ekmek \u0130le Servis Edilir Ton Bal\u0131kl\u0131 Salata Akdeniz Ye\u015filli\u011fi, K\u0131rm\u0131z\u0131 So\u011fan, Dilimli Siyah Zeytin ve \u00c7eri Domates \u0130le [&hellip;]<\/p>\n","protected":false},"author":1,"featured_media":0,"parent":3244,"menu_order":0,"comment_status":"closed","ping_status":"closed","template":"","meta":{"footnotes":""},"class_list":["post-4856","page","type-page","status-publish","hentry"],"_links":{"self":[{"href":"https:\/\/haoracafe.com\/index.php\/wp-json\/wp\/v2\/pages\/4856","targetHints":{"allow":["GET"]}}],"collection":[{"href":"https:\/\/haoracafe.com\/index.php\/wp-json\/wp\/v2\/pages"}],"about":[{"href":"https:\/\/haoracafe.com\/index.php\/wp-json\/wp\/v2\/types\/page"}],"author":[{"embeddable":true,"href":"https:\/\/haoracafe.com\/index.php\/wp-json\/wp\/v2\/users\/1"}],"replies":[{"embeddable":true,"href":"https:\/\/haoracafe.com\/index.php\/wp-json\/wp\/v2\/comments?post=4856"}],"version-history":[{"count":2,"href":"https:\/\/haoracafe.com\/index.php\/wp-json\/wp\/v2\/pages\/4856\/revisions"}],"predecessor-version":[{"id":4859,"href":"https:\/\/haoracafe.com\/index.php\/wp-json\/wp\/v2\/pages\/4856\/revisions\/4859"}],"up":[{"embeddable":true,"href":"https:\/\/haoracafe.com\/index.php\/wp-json\/wp\/v2\/pages\/3244"}],"wp:attachment":[{"href":"https:\/\/haoracafe.com\/index.php\/wp-json\/wp\/v2\/media?parent=4856"}],"curies":[{"name":"wp","href":"https:\/\/api.w.org\/{rel}","templated":true}]}}