{"id":4868,"date":"2019-12-12T22:32:42","date_gmt":"2019-12-12T19:32:42","guid":{"rendered":"http:\/\/haoracafe.com\/?page_id=4868"},"modified":"2019-12-16T23:28:15","modified_gmt":"2019-12-16T20:28:15","slug":"vitamin-bar","status":"publish","type":"page","link":"https:\/\/haoracafe.com\/index.php\/menu\/vitamin-bar\/","title":{"rendered":"Vitamin Bar"},"content":{"rendered":"<div  class=\"one\" style=\"padding:195px 0 195px 0;\" >\n<div class=\"standard_wrapper\">\n<div class=\"page_content_wrapper\">\n<div class=\"inner\">\n<div style=\"margin:auto;width:100%;text-align:center;\">\n<h2 class=\"ppb_menu_title\" >Vitamin Bar<\/h2>\n<p><br class=\"clear\"\/><\/p>\n<div class=\"one_third \">\n<div id=\"menu_4622\" class=\"menu_content_classic\">\n<div class=\"menu_image\"><a href=\"http:\/\/haoracafe.com\/wp-content\/uploads\/2019\/12\/portakal.jpg\" class=\"img_frame\"><img decoding=\"async\" src=\"http:\/\/haoracafe.com\/wp-content\/uploads\/2019\/12\/portakal-150x150.jpg\" alt=\"\"\/><\/a><\/div>\n<h5 class=\"menu_post\">\n\t\t        \t<span class=\"menu_title\">Greyfurt Suyu<\/span><br \/>\n\t\t        \t<span class=\"menu_dots image\"><\/span><\/h5>\n<div class=\"post_detail menu_excerpt\"><\/div>\n<\/div>\n<\/div>\n<div class=\"one_third \">\n<div id=\"menu_4624\" class=\"menu_content_classic\">\n<div class=\"menu_image\"><a href=\"http:\/\/haoracafe.com\/wp-content\/uploads\/2019\/12\/atom.jpg\" class=\"img_frame\"><img decoding=\"async\" src=\"http:\/\/haoracafe.com\/wp-content\/uploads\/2019\/12\/atom-150x150.jpg\" alt=\"\"\/><\/a><\/div>\n<h5 class=\"menu_post\">\n\t\t        \t<span class=\"menu_title\">Atom + F\u0131nd\u0131k<\/span><br \/>\n\t\t        \t<span class=\"menu_dots image\"><\/span><\/h5>\n<div class=\"post_detail menu_excerpt\"><\/div>\n<\/div>\n<\/div>\n<div class=\"one_third last\">\n<div id=\"menu_4613\" class=\"menu_content_classic\">\n<div class=\"menu_image\"><a href=\"http:\/\/haoracafe.com\/wp-content\/uploads\/2019\/12\/portakal.jpg\" class=\"img_frame\"><img decoding=\"async\" src=\"http:\/\/haoracafe.com\/wp-content\/uploads\/2019\/12\/portakal-150x150.jpg\" alt=\"\"\/><\/a><\/div>\n<h5 class=\"menu_post\">\n\t\t        \t<span class=\"menu_title\">Portakal Suyu<\/span><br \/>\n\t\t        \t<span class=\"menu_dots image\"><\/span><\/h5>\n<div class=\"post_detail menu_excerpt\"><\/div>\n<\/div>\n<\/div>\n<div class=\"one_third \">\n<div id=\"menu_4616\" class=\"menu_content_classic\">\n<div class=\"menu_image\"><a href=\"http:\/\/haoracafe.com\/wp-content\/uploads\/2019\/12\/elma.jpg\" class=\"img_frame\"><img decoding=\"async\" src=\"http:\/\/haoracafe.com\/wp-content\/uploads\/2019\/12\/elma-150x150.jpg\" alt=\"\"\/><\/a><\/div>\n<h5 class=\"menu_post\">\n\t\t        \t<span class=\"menu_title\">Elma Suyu<\/span><br \/>\n\t\t        \t<span class=\"menu_dots image\"><\/span><\/h5>\n<div class=\"post_detail menu_excerpt\"><\/div>\n<\/div>\n<\/div>\n<div class=\"one_third \">\n<div id=\"menu_4618\" class=\"menu_content_classic\">\n<div class=\"menu_image\"><a href=\"http:\/\/haoracafe.com\/wp-content\/uploads\/2019\/12\/nar.jpg\" class=\"img_frame\"><img decoding=\"async\" src=\"http:\/\/haoracafe.com\/wp-content\/uploads\/2019\/12\/nar-150x150.jpg\" alt=\"\"\/><\/a><\/div>\n<h5 class=\"menu_post\">\n\t\t        \t<span class=\"menu_title\">Nar Suyu<\/span><br \/>\n\t\t        \t<span class=\"menu_dots image\"><\/span><\/h5>\n<div class=\"post_detail menu_excerpt\"><\/div>\n<\/div>\n<\/div>\n<div class=\"one_third last\">\n<div id=\"menu_4620\" class=\"menu_content_classic\">\n<div class=\"menu_image\"><a href=\"http:\/\/haoracafe.com\/wp-content\/uploads\/2019\/12\/havuc\u0327.jpg\" class=\"img_frame\"><img decoding=\"async\" src=\"http:\/\/haoracafe.com\/wp-content\/uploads\/2019\/12\/havuc\u0327-150x150.jpg\" alt=\"\"\/><\/a><\/div>\n<h5 class=\"menu_post\">\n\t\t        \t<span class=\"menu_title\">Havu\u00e7 Suyu<\/span><br \/>\n\t\t        \t<span class=\"menu_dots image\"><\/span><\/h5>\n<div class=\"post_detail menu_excerpt\"><\/div>\n<\/div>\n<\/div>\n<\/div>\n<p><br class=\"clear\"\/><\/div>\n<\/div>\n<\/div>\n<\/div>\n","protected":false},"excerpt":{"rendered":"<p>Vitamin Bar Greyfurt Suyu Atom + F\u0131nd\u0131k Portakal Suyu Elma Suyu Nar Suyu Havu\u00e7 Suyu<\/p>\n","protected":false},"author":1,"featured_media":0,"parent":3244,"menu_order":0,"comment_status":"closed","ping_status":"closed","template":"","meta":{"footnotes":""},"class_list":["post-4868","page","type-page","status-publish","hentry"],"_links":{"self":[{"href":"https:\/\/haoracafe.com\/index.php\/wp-json\/wp\/v2\/pages\/4868","targetHints":{"allow":["GET"]}}],"collection":[{"href":"https:\/\/haoracafe.com\/index.php\/wp-json\/wp\/v2\/pages"}],"about":[{"href":"https:\/\/haoracafe.com\/index.php\/wp-json\/wp\/v2\/types\/page"}],"author":[{"embeddable":true,"href":"https:\/\/haoracafe.com\/index.php\/wp-json\/wp\/v2\/users\/1"}],"replies":[{"embeddable":true,"href":"https:\/\/haoracafe.com\/index.php\/wp-json\/wp\/v2\/comments?post=4868"}],"version-history":[{"count":7,"href":"https:\/\/haoracafe.com\/index.php\/wp-json\/wp\/v2\/pages\/4868\/revisions"}],"predecessor-version":[{"id":5144,"href":"https:\/\/haoracafe.com\/index.php\/wp-json\/wp\/v2\/pages\/4868\/revisions\/5144"}],"up":[{"embeddable":true,"href":"https:\/\/haoracafe.com\/index.php\/wp-json\/wp\/v2\/pages\/3244"}],"wp:attachment":[{"href":"https:\/\/haoracafe.com\/index.php\/wp-json\/wp\/v2\/media?parent=4868"}],"curies":[{"name":"wp","href":"https:\/\/api.w.org\/{rel}","templated":true}]}}